{"id":437,"date":"2025-03-21T15:57:27","date_gmt":"2025-03-21T18:57:27","guid":{"rendered":"https:\/\/construtoramcisantos.com.br\/exclusive\/obra-copy\/"},"modified":"2026-01-23T21:04:48","modified_gmt":"2026-01-24T00:04:48","slug":"obra","status":"publish","type":"page","link":"https:\/\/construtoramcisantos.com.br\/exclusive\/obra\/","title":{"rendered":"Obra"},"content":{"rendered":"<!--themify_builder_content-->\n<div id=\"themify_builder_content-437\" data-postid=\"437\" class=\"themify_builder_content themify_builder_content-437 themify_builder tf_clear\">\n                    <div  data-css_id=\"sblk526\" data-lazy=\"1\" class=\"module_row themify_builder_row fullwidth_row_container tb_sblk526 tb_first tf_w\">\n                        <div class=\"row_inner col_align_top tb_col_count_1 tf_box tf_rel\">\n                        <div  data-lazy=\"1\" class=\"module_column tb-column col-full tb_rqfo526 first\">\n                    <!-- module text -->\n<div  class=\"module module-text tb_yioe974   \" data-lazy=\"1\">\n        <div  class=\"tb_text_wrap\">\n        <p>OBRA<\/p>    <\/div>\n<\/div>\n<!-- \/module text -->        <div  data-lazy=\"1\" class=\"module_subrow themify_builder_sub_row tf_w col_align_top gutter-narrow tb_col_count_2 tb_36i5363\">\n                <div  data-lazy=\"1\" class=\"module_column sub_column col4-2 tb_ts3w363 first\">\n                    <!-- module text -->\n<div  class=\"module module-text tb_on9k711   \" data-lazy=\"1\">\n        <div  class=\"tb_text_wrap\">\n        <p style=\"text-align: center;\">Obras Iniciadas<\/p>    <\/div>\n<\/div>\n<!-- \/module text --><!-- module progress bar -->\n<div  class=\"module module-progressbar tb_j6zf613 \" data-lazy=\"1\">\n\t\t\t\t<div class=\"tb-progress-bar-wrap\">\n\t\t\t\t\t\t\t\t\t\t\t<div class=\"tb-progress-bar tf_textl tf_rel\">\n\t\t\t\t\t<i class=\"tb-progress-bar-label tf_w\">Funda\u00e7\u00e3o<\/i>\n\t\t\t\t\t<span class=\"tb-progress-bar-bg\" data-percent=\"100\" style=\"width:0;background-color:#3c3331\">\n\t\t\t\t\t\t\t\t\t\t\t\t\t<span class=\"tb-progress-tooltip tf_textr\" data-to=\"100\" data-suffix=\"%\"><\/span>\n\t\t\t\t\t\t\t\t\t\t\t<\/span>\n\t\t\t\t<\/div><!-- .tb-progress-bar -->\n\t\t\t\t\t\t\t\t\t\t\t<div class=\"tb-progress-bar tf_textl tf_rel\">\n\t\t\t\t\t<i class=\"tb-progress-bar-label tf_w\">Estrutura<\/i>\n\t\t\t\t\t<span class=\"tb-progress-bar-bg\" data-percent=\"0\" style=\"width:0;background-color:#3c3331\">\n\t\t\t\t\t\t\t\t\t\t\t\t\t<span class=\"tb-progress-tooltip tf_textr\" data-to=\"0\" data-suffix=\"%\"><\/span>\n\t\t\t\t\t\t\t\t\t\t\t<\/span>\n\t\t\t\t<\/div><!-- .tb-progress-bar -->\n\t\t\t\t\t\t\t\t\t\t\t<div class=\"tb-progress-bar tf_textl tf_rel\">\n\t\t\t\t\t<i class=\"tb-progress-bar-label tf_w\">Alvenaria<\/i>\n\t\t\t\t\t<span class=\"tb-progress-bar-bg\" data-percent=\"0\" style=\"width:0;background-color:#3c3331\">\n\t\t\t\t\t\t\t\t\t\t\t\t\t<span class=\"tb-progress-tooltip tf_textr\" data-to=\"0\" data-suffix=\"%\"><\/span>\n\t\t\t\t\t\t\t\t\t\t\t<\/span>\n\t\t\t\t<\/div><!-- .tb-progress-bar -->\n\t\t\t\t\t\t\t\t\t\t\t<div class=\"tb-progress-bar tf_textl tf_rel\">\n\t\t\t\t\t<i class=\"tb-progress-bar-label tf_w\">Instala\u00e7\u00f5es El\u00e9tricas<\/i>\n\t\t\t\t\t<span class=\"tb-progress-bar-bg\" data-percent=\"0\" style=\"width:0;background-color:#3c3331\">\n\t\t\t\t\t\t\t\t\t\t\t\t\t<span class=\"tb-progress-tooltip tf_textr\" data-to=\"0\" data-suffix=\"%\"><\/span>\n\t\t\t\t\t\t\t\t\t\t\t<\/span>\n\t\t\t\t<\/div><!-- .tb-progress-bar -->\n\t\t\t\t\t\t\t\t\t\t\t<div class=\"tb-progress-bar tf_textl tf_rel\">\n\t\t\t\t\t<i class=\"tb-progress-bar-label tf_w\">Instala\u00e7\u00f5es Hidr\u00e1ulicas<\/i>\n\t\t\t\t\t<span class=\"tb-progress-bar-bg\" data-percent=\"0\" style=\"width:0;background-color:#3c3331\">\n\t\t\t\t\t\t\t\t\t\t\t\t\t<span class=\"tb-progress-tooltip tf_textr\" data-to=\"0\" data-suffix=\"%\"><\/span>\n\t\t\t\t\t\t\t\t\t\t\t<\/span>\n\t\t\t\t<\/div><!-- .tb-progress-bar -->\n\t\t\t\t\t\t\t\t\t\t\t<div class=\"tb-progress-bar tf_textl tf_rel\">\n\t\t\t\t\t<i class=\"tb-progress-bar-label tf_w\">Acabamento Interno<\/i>\n\t\t\t\t\t<span class=\"tb-progress-bar-bg\" data-percent=\"0\" style=\"width:0;background-color:#3c3331\">\n\t\t\t\t\t\t\t\t\t\t\t\t\t<span class=\"tb-progress-tooltip tf_textr\" data-to=\"0\" data-suffix=\"%\"><\/span>\n\t\t\t\t\t\t\t\t\t\t\t<\/span>\n\t\t\t\t<\/div><!-- .tb-progress-bar -->\n\t\t\t\t\t\t\t\t\t\t\t<div class=\"tb-progress-bar tf_textl tf_rel\">\n\t\t\t\t\t<i class=\"tb-progress-bar-label tf_w\">Fachada<\/i>\n\t\t\t\t\t<span class=\"tb-progress-bar-bg\" data-percent=\"0\" style=\"width:0;background-color:#3c3331\">\n\t\t\t\t\t\t\t\t\t\t\t\t\t<span class=\"tb-progress-tooltip tf_textr\" data-to=\"0\" data-suffix=\"%\"><\/span>\n\t\t\t\t\t\t\t\t\t\t\t<\/span>\n\t\t\t\t<\/div><!-- .tb-progress-bar -->\n\t\t\t\t\t<\/div><!-- .tb-progress-bar-wrap -->\n\t\t<\/div>\n<!-- \/module progress bar -->\n        <\/div>\n                    <div  data-lazy=\"1\" class=\"module_column sub_column col4-2 tb_0n3t363 last\">\n                    <!-- module template_part -->\n<div  class=\"module module-layout-part tb_3z5k263 \">\n    <div class=\"tb_layout_part_wrap tf_w\"><!--themify_builder_content-->\n    <div  class=\"themify_builder_content themify_builder_content-1419 themify_builder not_editable_builder in_the_loop\" data-postid=\"1419\">\n                        <div  data-lazy=\"1\" class=\"module_row themify_builder_row tb_ls35562 tf_w\">\n                        <div class=\"row_inner col_align_top tb_col_count_1 tf_box tf_rel\">\n                        <div  data-lazy=\"1\" class=\"module_column tb-column col-full tb_o8l4562 first\">\n                    <div  class=\"module themify_builder_slider_wrap tf_clearfix module-slider tb_l74y429  slider-default  \" data-lazy=\"1\">\n        <div class=\"themify_builder_slider tf_carousel tf_swiper-container tf_rel tf_overflow\" data-lazy=\"1\"        data-visible=\"1\"\n        data-tab-visible=\"1\"\n        data-mob-visible=\"1\"\n        data-scroll=\"1\"\n                        data-speed=\"1\"\n        data-wrapvar=\"1\"\n        data-slider_nav=\"1\"\n        data-pager=\"1\"\n        data-effect=\"scroll\" \n        data-height=\"variable\"\n        data-css_url=\"https:\/\/construtoramcisantos.com.br\/exclusive\/wp-content\/themes\/themify-ultra\/themify\/themify-builder\/css\/modules\/sliders\/carousel,https:\/\/construtoramcisantos.com.br\/exclusive\/wp-content\/themes\/themify-ultra\/themify\/themify-builder\/css\/modules\/sliders\/slider\"\n                    data-type=\"video\">\n        <div class=\"tf_swiper-wrapper tf_lazy tf_rel tf_w tf_h tf_textc\">\n                    <div class=\"tf_swiper-slide\">            <div class=\"slide-inner-wrap\">\n                                <div class=\"slide-image tf_rel tf_lazy tf_overflow\">\n                                            <a class=\"wp-embedded-video\" href=\"https:\/\/construtoramcisantos.com.br\/exclusive\/wp-content\/uploads\/2026\/01\/exclusive-22-01-2026.mov\">https:\/\/construtoramcisantos.com.br\/exclusive\/wp-content\/uploads\/2026\/01\/exclusive-22-01-2026.mov<\/a>                                    <\/div>\n                                            <\/div>\n        <\/div>            <\/div>\n    <\/div>\n<\/div>\n        <\/div>\n                        <\/div>\n        <\/div>\n            <\/div>\n<!--\/themify_builder_content--><\/div>\n<\/div>\n<!-- \/module template_part -->        <\/div>\n                    <\/div>\n                <\/div>\n                        <\/div>\n        <\/div>\n                        <div  data-css_id=\"2fyh112\" data-lazy=\"1\" class=\"module_row themify_builder_row fullwidth tb_2fyh112 tf_w\">\n                        <div class=\"row_inner col_align_top tb_col_count_1 tf_box tf_rel\">\n                        <div  data-lazy=\"1\" class=\"module_column tb-column col-full tb_0jx6112 first\">\n                    <!-- module divider -->\n<div  class=\"module tf_mw module-divider tb_5zb9112 solid   \" style=\"border-width: 6px;border-color: #644937;\" data-lazy=\"1\">\n    <\/div>\n<!-- \/module divider -->\n        <\/div>\n                        <\/div>\n        <\/div>\n                        <div  data-css_id=\"yd6m336\" data-lazy=\"1\" class=\"module_row themify_builder_row fullwidth tb_yd6m336 tf_w\">\n                        <div class=\"row_inner col_align_top tb_col_count_1 tf_box tf_rel\">\n                        <div  data-lazy=\"1\" class=\"module_column tb-column col-full tb_wzzm336 first\">\n                    <!-- module text -->\n<div  class=\"module module-text tb_myln336   \" data-lazy=\"1\">\n        <div  class=\"tb_text_wrap\">\n        <p><iframe loading=\"lazy\" src=\"https:\/\/kuula.co\/share\/hJWRT?logo=1&amp;info=1&amp;fs=1&amp;vr=0&amp;sd=1&amp;thumbs=1&amp;inst=pt&amp;keys=0\" width=\"100%\" height=\"640\" frameborder=\"0\" scrolling=\"no\" allowfullscreen=\"allowfullscreen\"><\/iframe><\/p>    <\/div>\n<\/div>\n<!-- \/module text -->        <\/div>\n                        <\/div>\n        <\/div>\n                        <div  data-css_id=\"5bow281\" data-lazy=\"1\" class=\"module_row themify_builder_row fullwidth tb_5bow281 tf_w\">\n                        <div class=\"row_inner col_align_top tb_col_count_1 tf_box tf_rel\">\n                        <div  data-lazy=\"1\" class=\"module_column tb-column col-full tb_t4gb281 first\">\n                            <\/div>\n                        <\/div>\n        <\/div>\n        <\/div>\n<!--\/themify_builder_content-->","protected":false},"excerpt":{"rendered":"<p>OBRA<\/p>\n","protected":false},"author":1,"featured_media":0,"parent":0,"menu_order":0,"comment_status":"closed","ping_status":"closed","template":"","meta":{"footnotes":""},"class_list":["post-437","page","type-page","status-publish","hentry","has-post-title","has-post-date","has-post-category","has-post-tag","has-post-comment","has-post-author",""],"builder_content":"<p>OBRA<\/p>\n<p style=\"text-align: center;\">Obras Iniciadas<\/p>\n<i>Funda\u00e7\u00e3o<\/i> <i>Estrutura<\/i> <i>Alvenaria<\/i> <i>Instala\u00e7\u00f5es El\u00e9tricas<\/i> <i>Instala\u00e7\u00f5es Hidr\u00e1ulicas<\/i> <i>Acabamento Interno<\/i> <i>Fachada<\/i>\n\n<p><iframe loading=\"lazy\" src=\"https:\/\/kuula.co\/share\/hJWRT?logo=1&amp;info=1&amp;fs=1&amp;vr=0&amp;sd=1&amp;thumbs=1&amp;inst=pt&amp;keys=0\" width=\"100%\" height=\"640\" frameborder=\"0\" scrolling=\"no\" allowfullscreen=\"allowfullscreen\"><\/iframe><\/p>","_links":{"self":[{"href":"https:\/\/construtoramcisantos.com.br\/exclusive\/wp-json\/wp\/v2\/pages\/437","targetHints":{"allow":["GET"]}}],"collection":[{"href":"https:\/\/construtoramcisantos.com.br\/exclusive\/wp-json\/wp\/v2\/pages"}],"about":[{"href":"https:\/\/construtoramcisantos.com.br\/exclusive\/wp-json\/wp\/v2\/types\/page"}],"author":[{"embeddable":true,"href":"https:\/\/construtoramcisantos.com.br\/exclusive\/wp-json\/wp\/v2\/users\/1"}],"replies":[{"embeddable":true,"href":"https:\/\/construtoramcisantos.com.br\/exclusive\/wp-json\/wp\/v2\/comments?post=437"}],"version-history":[{"count":88,"href":"https:\/\/construtoramcisantos.com.br\/exclusive\/wp-json\/wp\/v2\/pages\/437\/revisions"}],"predecessor-version":[{"id":1446,"href":"https:\/\/construtoramcisantos.com.br\/exclusive\/wp-json\/wp\/v2\/pages\/437\/revisions\/1446"}],"wp:attachment":[{"href":"https:\/\/construtoramcisantos.com.br\/exclusive\/wp-json\/wp\/v2\/media?parent=437"}],"curies":[{"name":"wp","href":"https:\/\/api.w.org\/{rel}","templated":true}]}}