{"id":207,"date":"2023-03-12T17:15:12","date_gmt":"2023-03-12T20:15:12","guid":{"rendered":"https:\/\/construtoramcisantos.com.br\/elegance\/?page_id=207"},"modified":"2024-06-10T19:38:44","modified_gmt":"2024-06-10T22:38:44","slug":"areas-comuns","status":"publish","type":"page","link":"https:\/\/construtoramcisantos.com.br\/elegance\/areas-comuns\/","title":{"rendered":"\u00c1reas comuns"},"content":{"rendered":"<!--themify_builder_content-->\n<div id=\"themify_builder_content-207\" data-postid=\"207\" class=\"themify_builder_content themify_builder_content-207 themify_builder tf_clear\">\n    \t\t\t<!-- module_row -->\n\t<div  data-lazy=\"1\" class=\"module_row themify_builder_row tb_io51160 tb_first tf_w tf_clearfix\">\n\t    <div class=\"builder_row_cover tf_abs\"><\/div>\t\t\t<div class=\"row_inner col_align_bottom tb_col_count_2 tf_box tf_rel\">\n\t\t            <div  data-lazy=\"1\" class=\"module_column tb-column col4-2 tb_6cm4160 first\">\n                                                        <div class=\"tb-column-inner tf_box tf_w\">\n                        <!-- module image -->\n<div  class=\"module module-image tb_lbl5160   image-top tf_mw\" data-lazy=\"1\">\n        <div class=\"image-wrap tf_rel tf_mw\">\n\t\t    <a href=\"\/elegance\"\n\t       \t       >\n\t\t   \t\t<img decoding=\"async\" src=\"\/elegance\/wp-content\/uploads\/2023\/03\/logo-topo.png\" title=\"\u00c1reas comuns\" alt=\"\u00c1reas comuns\">\t    <\/a>\n\t\n\t\t<\/div>\n\t<!-- \/image-wrap -->\n    \n    \t<\/div>\n<!-- \/module image -->                    <\/div>\n                            <\/div>\n                        <div  data-lazy=\"1\" class=\"module_column tb-column col4-2 tb_7rx3160 last\">\n                                                        <div class=\"tb-column-inner tf_box tf_w\">\n                        <!-- module text -->\n<div  class=\"module module-text tb_1eak160   \" data-lazy=\"1\">\n        <div  class=\"tb_text_wrap\">\n    <p>\u00c1reas Comuns<\/p>    <\/div>\n<\/div>\n<!-- \/module text -->                    <\/div>\n                            <\/div>\n            \t    <\/div>\n\t    <!-- \/row_inner -->\n\t<\/div>\n\t<!-- \/module_row -->\n\t\t\t\t<!-- module_row -->\n\t<div  data-desktop-padding=\"20px,20px\" data-css_id=\"8xse883\" data-lazy=\"1\" class=\"module_row themify_builder_row fullwidth_row_container tb_8xse883 tf_w tf_clearfix\">\n\t    \t\t\t<div class=\"row_inner col_align_top tb_col_count_1 tf_box tf_rel\">\n\t\t            <div  data-lazy=\"1\" class=\"module_column tb-column col-full tb_edrn883 first\">\n                                                        <div class=\"tb-column-inner tf_box tf_w\">\n                        <!-- module text -->\n<div  class=\"module module-text tb_86ni912   \" data-lazy=\"1\">\n        <div  class=\"tb_text_wrap\">\n    <p>Garagem 03<\/p>    <\/div>\n<\/div>\n<!-- \/module text --><!-- module buttons -->\n<div  class=\"module module-buttons tb_u03x594 buttons-horizontal solid  hide-tablet hide-mobile large rounded\" data-lazy=\"1\">\n    \t<div class=\"module-buttons-item tf_inline_b\">\n\t\t\t\t\t\t\t<a href=\"https:\/\/construtoramcisantos.com.br\/elegance\/wp-content\/uploads\/2024\/06\/garagem3.pdf\" class=\"ui builder_button transparent\" target=\"_blank\" rel=\"noopener\">\n\t\t\t\t\t\t\t\t\t\t\t\t<em class=\"tf_inline_b tf_vmiddle\"><svg  class=\"tf_fa tf-ti-printer\" aria-hidden=\"true\"><use href=\"#tf-ti-printer\"><\/use><\/svg><\/em>\t\t\t\t\t\t\t\t<span class=\"tf_inline_b tf_vmiddle\">Arquivo impress\u00e3o<\/span>\n\t\t\t\t\t\t\t\t\t\t\t<\/a>\n\t\t\t    \t<\/div>\n    <\/div>\n<!-- \/module buttons -->\n<!-- module image -->\n<div  class=\"module module-image tb_xrbk884   image-center tf_mw\" data-lazy=\"1\">\n        <div class=\"image-wrap tf_rel tf_mw\">\n\t\t    <img loading=\"lazy\" decoding=\"async\" width=\"1160\" height=\"1122\" src=\"https:\/\/construtoramcisantos.com.br\/elegance\/wp-content\/uploads\/2023\/03\/garagem3.jpg\" class=\"wp-post-image wp-image-527\" title=\"garagem3\" alt=\"garagem3\" srcset=\"https:\/\/construtoramcisantos.com.br\/elegance\/wp-content\/uploads\/2023\/03\/garagem3.jpg 1160w, https:\/\/construtoramcisantos.com.br\/elegance\/wp-content\/uploads\/2023\/03\/garagem3-300x290.jpg 300w, https:\/\/construtoramcisantos.com.br\/elegance\/wp-content\/uploads\/2023\/03\/garagem3-1024x990.jpg 1024w, https:\/\/construtoramcisantos.com.br\/elegance\/wp-content\/uploads\/2023\/03\/garagem3-768x743.jpg 768w\" sizes=\"auto, (max-width: 1160px) 100vw, 1160px\" \/>\t\n\t\t<\/div>\n\t<!-- \/image-wrap -->\n    \n    \t<\/div>\n<!-- \/module image -->                    <\/div>\n                            <\/div>\n            \t    <\/div>\n\t    <!-- \/row_inner -->\n\t<\/div>\n\t<!-- \/module_row -->\n\t\t\t\t<!-- module_row -->\n\t<div  data-desktop-padding=\"20px,20px\" data-css_id=\"3bjp341\" data-lazy=\"1\" class=\"module_row themify_builder_row fullwidth_row_container tb_3bjp341 tf_w tf_clearfix\">\n\t    \t\t\t<div class=\"row_inner col_align_top tb_col_count_1 tf_box tf_rel\">\n\t\t            <div  data-lazy=\"1\" class=\"module_column tb-column col-full tb_48zl343 first\">\n                                                        <div class=\"tb-column-inner tf_box tf_w\">\n                        <!-- module text -->\n<div  class=\"module module-text tb_hlyr301   \" data-lazy=\"1\">\n        <div  class=\"tb_text_wrap\">\n    <p>Garagem 02<\/p>    <\/div>\n<\/div>\n<!-- \/module text --><!-- module buttons -->\n<div  class=\"module module-buttons tb_ysoe123 buttons-horizontal solid  hide-tablet hide-mobile large rounded\" data-lazy=\"1\">\n    \t<div class=\"module-buttons-item tf_inline_b\">\n\t\t\t\t\t\t\t<a href=\"https:\/\/construtoramcisantos.com.br\/elegance\/wp-content\/uploads\/2024\/06\/garagem2.pdf\" class=\"ui builder_button transparent\" target=\"_blank\" rel=\"noopener\">\n\t\t\t\t\t\t\t\t\t\t\t\t<em class=\"tf_inline_b tf_vmiddle\"><svg  class=\"tf_fa tf-ti-printer\" aria-hidden=\"true\"><use href=\"#tf-ti-printer\"><\/use><\/svg><\/em>\t\t\t\t\t\t\t\t<span class=\"tf_inline_b tf_vmiddle\">Arquivo impress\u00e3o<\/span>\n\t\t\t\t\t\t\t\t\t\t\t<\/a>\n\t\t\t    \t<\/div>\n    <\/div>\n<!-- \/module buttons -->\n<!-- module image -->\n<div  class=\"module module-image tb_wkvi344   image-center tf_mw\" data-lazy=\"1\">\n        <div class=\"image-wrap tf_rel tf_mw\">\n\t\t    <img loading=\"lazy\" decoding=\"async\" width=\"1160\" height=\"1122\" src=\"https:\/\/construtoramcisantos.com.br\/elegance\/wp-content\/uploads\/2023\/03\/garagem2.jpg\" class=\"wp-post-image wp-image-526\" title=\"garagem2\" alt=\"garagem2\" srcset=\"https:\/\/construtoramcisantos.com.br\/elegance\/wp-content\/uploads\/2023\/03\/garagem2.jpg 1160w, https:\/\/construtoramcisantos.com.br\/elegance\/wp-content\/uploads\/2023\/03\/garagem2-300x290.jpg 300w, https:\/\/construtoramcisantos.com.br\/elegance\/wp-content\/uploads\/2023\/03\/garagem2-1024x990.jpg 1024w, https:\/\/construtoramcisantos.com.br\/elegance\/wp-content\/uploads\/2023\/03\/garagem2-768x743.jpg 768w\" sizes=\"auto, (max-width: 1160px) 100vw, 1160px\" \/>\t\n\t\t<\/div>\n\t<!-- \/image-wrap -->\n    \n    \t<\/div>\n<!-- \/module image -->                    <\/div>\n                            <\/div>\n            \t    <\/div>\n\t    <!-- \/row_inner -->\n\t<\/div>\n\t<!-- \/module_row -->\n\t\t\t\t<!-- module_row -->\n\t<div  data-desktop-padding=\"20px,20px\" data-css_id=\"8pdw862\" data-lazy=\"1\" class=\"module_row themify_builder_row fullwidth_row_container tb_8pdw862 tf_w tf_clearfix\">\n\t    \t\t\t<div class=\"row_inner col_align_top tb_col_count_1 tf_box tf_rel\">\n\t\t            <div  data-lazy=\"1\" class=\"module_column tb-column col-full tb_n29t863 first\">\n                                                        <div class=\"tb-column-inner tf_box tf_w\">\n                        <!-- module text -->\n<div  class=\"module module-text tb_6kah401   \" data-lazy=\"1\">\n        <div  class=\"tb_text_wrap\">\n    <p>Garagem 01<\/p>    <\/div>\n<\/div>\n<!-- \/module text --><!-- module buttons -->\n<div  class=\"module module-buttons tb_ogf5990 buttons-horizontal solid  hide-tablet hide-mobile large rounded\" data-lazy=\"1\">\n    \t<div class=\"module-buttons-item tf_inline_b\">\n\t\t\t\t\t\t\t<a href=\"https:\/\/construtoramcisantos.com.br\/elegance\/wp-content\/uploads\/2024\/06\/garagem1.pdf\" class=\"ui builder_button transparent\" target=\"_blank\" rel=\"noopener\">\n\t\t\t\t\t\t\t\t\t\t\t\t<em class=\"tf_inline_b tf_vmiddle\"><svg  class=\"tf_fa tf-ti-printer\" aria-hidden=\"true\"><use href=\"#tf-ti-printer\"><\/use><\/svg><\/em>\t\t\t\t\t\t\t\t<span class=\"tf_inline_b tf_vmiddle\">Arquivo impress\u00e3o<\/span>\n\t\t\t\t\t\t\t\t\t\t\t<\/a>\n\t\t\t    \t<\/div>\n    <\/div>\n<!-- \/module buttons -->\n<!-- module image -->\n<div  class=\"module module-image tb_87x8863   image-center tf_mw\" data-lazy=\"1\">\n        <div class=\"image-wrap tf_rel tf_mw\">\n\t\t    <img loading=\"lazy\" decoding=\"async\" width=\"1160\" height=\"1122\" src=\"https:\/\/construtoramcisantos.com.br\/elegance\/wp-content\/uploads\/2023\/03\/garagem1.jpg\" class=\"wp-post-image wp-image-525\" title=\"garagem1\" alt=\"garagem1\" srcset=\"https:\/\/construtoramcisantos.com.br\/elegance\/wp-content\/uploads\/2023\/03\/garagem1.jpg 1160w, https:\/\/construtoramcisantos.com.br\/elegance\/wp-content\/uploads\/2023\/03\/garagem1-300x290.jpg 300w, https:\/\/construtoramcisantos.com.br\/elegance\/wp-content\/uploads\/2023\/03\/garagem1-1024x990.jpg 1024w, https:\/\/construtoramcisantos.com.br\/elegance\/wp-content\/uploads\/2023\/03\/garagem1-768x743.jpg 768w\" sizes=\"auto, (max-width: 1160px) 100vw, 1160px\" \/>\t\n\t\t<\/div>\n\t<!-- \/image-wrap -->\n    \n    \t<\/div>\n<!-- \/module image -->                    <\/div>\n                            <\/div>\n            \t    <\/div>\n\t    <!-- \/row_inner -->\n\t<\/div>\n\t<!-- \/module_row -->\n\t\t\t\t<!-- module_row -->\n\t<div  data-desktop-padding=\"20px,20px\" data-css_id=\"xmcn179\" data-lazy=\"1\" class=\"module_row themify_builder_row fullwidth_row_container tb_xmcn179 tf_w tf_clearfix\">\n\t    \t\t\t<div class=\"row_inner col_align_top tb_col_count_1 tf_box tf_rel\">\n\t\t            <div  data-lazy=\"1\" class=\"module_column tb-column col-full tb_t4ib180 first\">\n                                                        <div class=\"tb-column-inner tf_box tf_w\">\n                        <!-- module text -->\n<div  class=\"module module-text tb_fk3p840   \" data-lazy=\"1\">\n        <div  class=\"tb_text_wrap\">\n    <p>T\u00e9rreo<\/p>    <\/div>\n<\/div>\n<!-- \/module text --><!-- module buttons -->\n<div  class=\"module module-buttons tb_m949557 buttons-horizontal solid  hide-tablet hide-mobile large rounded\" data-lazy=\"1\">\n    \t<div class=\"module-buttons-item tf_inline_b\">\n\t\t\t\t\t\t\t<a href=\"https:\/\/construtoramcisantos.com.br\/elegance\/wp-content\/uploads\/2024\/06\/terreo.pdf\" class=\"ui builder_button transparent\" target=\"_blank\" rel=\"noopener\">\n\t\t\t\t\t\t\t\t\t\t\t\t<em class=\"tf_inline_b tf_vmiddle\"><svg  class=\"tf_fa tf-ti-printer\" aria-hidden=\"true\"><use href=\"#tf-ti-printer\"><\/use><\/svg><\/em>\t\t\t\t\t\t\t\t<span class=\"tf_inline_b tf_vmiddle\">Arquivo impress\u00e3o<\/span>\n\t\t\t\t\t\t\t\t\t\t\t<\/a>\n\t\t\t    \t<\/div>\n    <\/div>\n<!-- \/module buttons -->\n<!-- module image -->\n<div  class=\"module module-image tb_leqm180   image-center tf_mw\" data-lazy=\"1\">\n        <div class=\"image-wrap tf_rel tf_mw\">\n\t\t    <img loading=\"lazy\" decoding=\"async\" width=\"1160\" height=\"1130\" src=\"https:\/\/construtoramcisantos.com.br\/elegance\/wp-content\/uploads\/2024\/02\/terreo.jpg\" class=\"wp-post-image wp-image-1169\" title=\"terreo\" alt=\"terreo\" srcset=\"https:\/\/construtoramcisantos.com.br\/elegance\/wp-content\/uploads\/2024\/02\/terreo.jpg 1160w, https:\/\/construtoramcisantos.com.br\/elegance\/wp-content\/uploads\/2024\/02\/terreo-300x292.jpg 300w, https:\/\/construtoramcisantos.com.br\/elegance\/wp-content\/uploads\/2024\/02\/terreo-1024x998.jpg 1024w, https:\/\/construtoramcisantos.com.br\/elegance\/wp-content\/uploads\/2024\/02\/terreo-768x748.jpg 768w\" sizes=\"auto, (max-width: 1160px) 100vw, 1160px\" \/>\t\n\t\t<\/div>\n\t<!-- \/image-wrap -->\n    \n    \t<\/div>\n<!-- \/module image -->                    <\/div>\n                            <\/div>\n            \t    <\/div>\n\t    <!-- \/row_inner -->\n\t<\/div>\n\t<!-- \/module_row -->\n\t\t\t\t<!-- module_row -->\n\t<div  data-desktop-padding=\"20px,20px\" data-css_id=\"t69x941\" data-lazy=\"1\" class=\"module_row themify_builder_row fullwidth_row_container tb_t69x941 tf_w tf_clearfix\">\n\t    \t\t\t<div class=\"row_inner col_align_top tb_col_count_1 tf_box tf_rel\">\n\t\t            <div  data-lazy=\"1\" class=\"module_column tb-column col-full tb_qxx7942 first\">\n                                                        <div class=\"tb-column-inner tf_box tf_w\">\n                        <!-- module text -->\n<div  class=\"module module-text tb_1km2888   \" data-lazy=\"1\">\n        <div  class=\"tb_text_wrap\">\n    <p>Subsolo<\/p>    <\/div>\n<\/div>\n<!-- \/module text --><!-- module buttons -->\n<div  class=\"module module-buttons tb_qcxz274 buttons-horizontal solid  hide-tablet hide-mobile large rounded\" data-lazy=\"1\">\n    \t<div class=\"module-buttons-item tf_inline_b\">\n\t\t\t\t\t\t\t<a href=\"https:\/\/construtoramcisantos.com.br\/elegance\/wp-content\/uploads\/2024\/06\/subsolo.pdf\" class=\"ui builder_button transparent\" target=\"_blank\" rel=\"noopener\">\n\t\t\t\t\t\t\t\t\t\t\t\t<em class=\"tf_inline_b tf_vmiddle\"><svg  class=\"tf_fa tf-ti-printer\" aria-hidden=\"true\"><use href=\"#tf-ti-printer\"><\/use><\/svg><\/em>\t\t\t\t\t\t\t\t<span class=\"tf_inline_b tf_vmiddle\">Arquivo impress\u00e3o<\/span>\n\t\t\t\t\t\t\t\t\t\t\t<\/a>\n\t\t\t    \t<\/div>\n    <\/div>\n<!-- \/module buttons -->\n<!-- module image -->\n<div  class=\"module module-image tb_pw9h942   image-center tf_mw\" data-lazy=\"1\">\n        <div class=\"image-wrap tf_rel tf_mw\">\n\t\t    <img loading=\"lazy\" decoding=\"async\" width=\"1160\" height=\"1122\" src=\"https:\/\/construtoramcisantos.com.br\/elegance\/wp-content\/uploads\/2023\/03\/subsolo.jpg\" class=\"wp-post-image wp-image-528\" title=\"subsolo\" alt=\"subsolo\" srcset=\"https:\/\/construtoramcisantos.com.br\/elegance\/wp-content\/uploads\/2023\/03\/subsolo.jpg 1160w, https:\/\/construtoramcisantos.com.br\/elegance\/wp-content\/uploads\/2023\/03\/subsolo-300x290.jpg 300w, https:\/\/construtoramcisantos.com.br\/elegance\/wp-content\/uploads\/2023\/03\/subsolo-1024x990.jpg 1024w, https:\/\/construtoramcisantos.com.br\/elegance\/wp-content\/uploads\/2023\/03\/subsolo-768x743.jpg 768w\" sizes=\"auto, (max-width: 1160px) 100vw, 1160px\" \/>\t\n\t\t<\/div>\n\t<!-- \/image-wrap -->\n    \n    \t<\/div>\n<!-- \/module image -->                    <\/div>\n                            <\/div>\n            \t    <\/div>\n\t    <!-- \/row_inner -->\n\t<\/div>\n\t<!-- \/module_row -->\n\t<\/div>\n<!--\/themify_builder_content-->","protected":false},"excerpt":{"rendered":"<p>\u00c1reas Comuns Garagem 03 Arquivo impress\u00e3o Garagem 02 Arquivo impress\u00e3o Garagem 01 Arquivo impress\u00e3o T\u00e9rreo Arquivo impress\u00e3o Subsolo Arquivo impress\u00e3o<\/p>\n","protected":false},"author":1,"featured_media":0,"parent":0,"menu_order":0,"comment_status":"closed","ping_status":"closed","template":"","meta":{"footnotes":""},"class_list":["post-207","page","type-page","status-publish","hentry","has-post-title","has-post-date","has-post-category","has-post-tag","has-post-comment","has-post-author",""],"builder_content":"<a href=\"\/elegance\" > <img src=\"\/elegance\/wp-content\/uploads\/2023\/03\/logo-topo.png\" title=\"\u00c1reas comuns\" alt=\"\u00c1reas comuns\"> <\/a>\n<p>\u00c1reas Comuns<\/p>\n<p>Garagem 03<\/p>\n<a href=\"https:\/\/construtoramcisantos.com.br\/elegance\/wp-content\/uploads\/2024\/06\/garagem3.pdf\" target=\"_blank\" rel=\"noopener\"> <em><svg aria-hidden=\"true\"><use href=\"#tf-ti-printer\"><\/use><\/svg><\/em> Arquivo impress\u00e3o <\/a>\n<img src=\"https:\/\/construtoramcisantos.com.br\/elegance\/wp-content\/uploads\/2023\/03\/garagem3.jpg\" title=\"garagem3\" alt=\"garagem3\" srcset=\"https:\/\/construtoramcisantos.com.br\/elegance\/wp-content\/uploads\/2023\/03\/garagem3.jpg 1160w, https:\/\/construtoramcisantos.com.br\/elegance\/wp-content\/uploads\/2023\/03\/garagem3-300x290.jpg 300w, https:\/\/construtoramcisantos.com.br\/elegance\/wp-content\/uploads\/2023\/03\/garagem3-1024x990.jpg 1024w, https:\/\/construtoramcisantos.com.br\/elegance\/wp-content\/uploads\/2023\/03\/garagem3-768x743.jpg 768w\" sizes=\"(max-width: 1160px) 100vw, 1160px\" \/>\n<p>Garagem 02<\/p>\n<a href=\"https:\/\/construtoramcisantos.com.br\/elegance\/wp-content\/uploads\/2024\/06\/garagem2.pdf\" target=\"_blank\" rel=\"noopener\"> <em><svg aria-hidden=\"true\"><use href=\"#tf-ti-printer\"><\/use><\/svg><\/em> Arquivo impress\u00e3o <\/a>\n<img src=\"https:\/\/construtoramcisantos.com.br\/elegance\/wp-content\/uploads\/2023\/03\/garagem2.jpg\" title=\"garagem2\" alt=\"garagem2\" srcset=\"https:\/\/construtoramcisantos.com.br\/elegance\/wp-content\/uploads\/2023\/03\/garagem2.jpg 1160w, https:\/\/construtoramcisantos.com.br\/elegance\/wp-content\/uploads\/2023\/03\/garagem2-300x290.jpg 300w, https:\/\/construtoramcisantos.com.br\/elegance\/wp-content\/uploads\/2023\/03\/garagem2-1024x990.jpg 1024w, https:\/\/construtoramcisantos.com.br\/elegance\/wp-content\/uploads\/2023\/03\/garagem2-768x743.jpg 768w\" sizes=\"(max-width: 1160px) 100vw, 1160px\" \/>\n<p>Garagem 01<\/p>\n<a href=\"https:\/\/construtoramcisantos.com.br\/elegance\/wp-content\/uploads\/2024\/06\/garagem1.pdf\" target=\"_blank\" rel=\"noopener\"> <em><svg aria-hidden=\"true\"><use href=\"#tf-ti-printer\"><\/use><\/svg><\/em> Arquivo impress\u00e3o <\/a>\n<img src=\"https:\/\/construtoramcisantos.com.br\/elegance\/wp-content\/uploads\/2023\/03\/garagem1.jpg\" title=\"garagem1\" alt=\"garagem1\" srcset=\"https:\/\/construtoramcisantos.com.br\/elegance\/wp-content\/uploads\/2023\/03\/garagem1.jpg 1160w, https:\/\/construtoramcisantos.com.br\/elegance\/wp-content\/uploads\/2023\/03\/garagem1-300x290.jpg 300w, https:\/\/construtoramcisantos.com.br\/elegance\/wp-content\/uploads\/2023\/03\/garagem1-1024x990.jpg 1024w, https:\/\/construtoramcisantos.com.br\/elegance\/wp-content\/uploads\/2023\/03\/garagem1-768x743.jpg 768w\" sizes=\"(max-width: 1160px) 100vw, 1160px\" \/>\n<p>T\u00e9rreo<\/p>\n<a href=\"https:\/\/construtoramcisantos.com.br\/elegance\/wp-content\/uploads\/2024\/06\/terreo.pdf\" target=\"_blank\" rel=\"noopener\"> <em><svg aria-hidden=\"true\"><use href=\"#tf-ti-printer\"><\/use><\/svg><\/em> Arquivo impress\u00e3o <\/a>\n<img src=\"https:\/\/construtoramcisantos.com.br\/elegance\/wp-content\/uploads\/2024\/02\/terreo.jpg\" title=\"terreo\" alt=\"terreo\" srcset=\"https:\/\/construtoramcisantos.com.br\/elegance\/wp-content\/uploads\/2024\/02\/terreo.jpg 1160w, https:\/\/construtoramcisantos.com.br\/elegance\/wp-content\/uploads\/2024\/02\/terreo-300x292.jpg 300w, https:\/\/construtoramcisantos.com.br\/elegance\/wp-content\/uploads\/2024\/02\/terreo-1024x998.jpg 1024w, https:\/\/construtoramcisantos.com.br\/elegance\/wp-content\/uploads\/2024\/02\/terreo-768x748.jpg 768w\" sizes=\"(max-width: 1160px) 100vw, 1160px\" \/>\n<p>Subsolo<\/p>\n<a href=\"https:\/\/construtoramcisantos.com.br\/elegance\/wp-content\/uploads\/2024\/06\/subsolo.pdf\" target=\"_blank\" rel=\"noopener\"> <em><svg aria-hidden=\"true\"><use href=\"#tf-ti-printer\"><\/use><\/svg><\/em> Arquivo impress\u00e3o <\/a>\n<img src=\"https:\/\/construtoramcisantos.com.br\/elegance\/wp-content\/uploads\/2023\/03\/subsolo.jpg\" title=\"subsolo\" alt=\"subsolo\" srcset=\"https:\/\/construtoramcisantos.com.br\/elegance\/wp-content\/uploads\/2023\/03\/subsolo.jpg 1160w, https:\/\/construtoramcisantos.com.br\/elegance\/wp-content\/uploads\/2023\/03\/subsolo-300x290.jpg 300w, https:\/\/construtoramcisantos.com.br\/elegance\/wp-content\/uploads\/2023\/03\/subsolo-1024x990.jpg 1024w, https:\/\/construtoramcisantos.com.br\/elegance\/wp-content\/uploads\/2023\/03\/subsolo-768x743.jpg 768w\" sizes=\"(max-width: 1160px) 100vw, 1160px\" \/>","_links":{"self":[{"href":"https:\/\/construtoramcisantos.com.br\/elegance\/wp-json\/wp\/v2\/pages\/207","targetHints":{"allow":["GET"]}}],"collection":[{"href":"https:\/\/construtoramcisantos.com.br\/elegance\/wp-json\/wp\/v2\/pages"}],"about":[{"href":"https:\/\/construtoramcisantos.com.br\/elegance\/wp-json\/wp\/v2\/types\/page"}],"author":[{"embeddable":true,"href":"https:\/\/construtoramcisantos.com.br\/elegance\/wp-json\/wp\/v2\/users\/1"}],"replies":[{"embeddable":true,"href":"https:\/\/construtoramcisantos.com.br\/elegance\/wp-json\/wp\/v2\/comments?post=207"}],"version-history":[{"count":29,"href":"https:\/\/construtoramcisantos.com.br\/elegance\/wp-json\/wp\/v2\/pages\/207\/revisions"}],"predecessor-version":[{"id":1276,"href":"https:\/\/construtoramcisantos.com.br\/elegance\/wp-json\/wp\/v2\/pages\/207\/revisions\/1276"}],"wp:attachment":[{"href":"https:\/\/construtoramcisantos.com.br\/elegance\/wp-json\/wp\/v2\/media?parent=207"}],"curies":[{"name":"wp","href":"https:\/\/api.w.org\/{rel}","templated":true}]}}