{"id":203,"date":"2023-03-12T17:14:04","date_gmt":"2023-03-12T20:14:04","guid":{"rendered":"https:\/\/construtoramcisantos.com.br\/elegance\/?page_id=203"},"modified":"2024-10-23T15:01:07","modified_gmt":"2024-10-23T18:01:07","slug":"empreendimento","status":"publish","type":"page","link":"https:\/\/construtoramcisantos.com.br\/elegance\/empreendimento\/","title":{"rendered":"Empreendimento"},"content":{"rendered":"<!--themify_builder_content-->\n<div id=\"themify_builder_content-203\" data-postid=\"203\" class=\"themify_builder_content themify_builder_content-203 themify_builder tf_clear\">\n    \t\t\t<!-- module_row -->\n\t<div  data-lazy=\"1\" class=\"module_row themify_builder_row tb_4q5a104 tb_first tf_w tf_clearfix\">\n\t    <div class=\"builder_row_cover tf_abs\"><\/div>\t\t\t<div class=\"row_inner col_align_bottom tb_col_count_2 tf_box tf_rel\">\n\t\t            <div  data-lazy=\"1\" class=\"module_column tb-column col4-2 tb_usa5105 first\">\n                                                        <div class=\"tb-column-inner tf_box tf_w\">\n                        <!-- module image -->\n<div  class=\"module module-image tb_xtdp35   image-top tf_mw\" data-lazy=\"1\">\n        <div class=\"image-wrap tf_rel tf_mw\">\n\t\t    <a href=\"\/elegance\"\n\t       \t       >\n\t\t   \t\t<img decoding=\"async\" src=\"\/elegance\/wp-content\/uploads\/2023\/03\/logo-topo.png\" title=\"Empreendimento\" alt=\"Empreendimento\">\t    <\/a>\n\t\n\t\t<\/div>\n\t<!-- \/image-wrap -->\n    \n    \t<\/div>\n<!-- \/module image -->                    <\/div>\n                            <\/div>\n                        <div  data-lazy=\"1\" class=\"module_column tb-column col4-2 tb_1aqk201 last\">\n                                                        <div class=\"tb-column-inner tf_box tf_w\">\n                        <!-- module text -->\n<div  class=\"module module-text tb_azu5607   \" data-lazy=\"1\">\n        <div  class=\"tb_text_wrap\">\n    <p>Empreendimento<\/p>    <\/div>\n<\/div>\n<!-- \/module text -->                    <\/div>\n                            <\/div>\n            \t    <\/div>\n\t    <!-- \/row_inner -->\n\t<\/div>\n\t<!-- \/module_row -->\n\t\t\t\t<!-- module_row -->\n\t<div  data-lazy=\"1\" class=\"module_row themify_builder_row tb_y60c399 tf_w tf_clearfix\">\n\t    \t\t\t<div class=\"row_inner col_align_top tb_col_count_1 tf_box tf_rel\">\n\t\t            <div  data-lazy=\"1\" class=\"module_column tb-column col-full tb_y4ky399 first\">\n                                                        <div class=\"tb-column-inner tf_box tf_w\">\n                        \t<div  data-lazy=\"1\" class=\"module_subrow themify_builder_sub_row tb_ixyz956 tf_w tf_clearfix\">\n\t    \t\t\t<div class=\"subrow_inner col_align_middle gutter-none tb_col_count_2 tf_box tf_w\">\n\t\t            <div  data-lazy=\"1\" class=\"module_column sub_column col3-2 tb_fojl956 first\">\n                                                        <div class=\"tb-column-inner tf_box tf_w\">\n                        <!-- module text -->\n<div  class=\"module module-text tb_snzo75  repeat  hide-tablet hide-mobile\" data-lazy=\"1\">\n        <div  class=\"tb_text_wrap\">\n    <p><strong>Residencial Elegance<\/strong><\/p>\n<p>A localiza\u00e7\u00e3o \u00e9 privilegiada, na Ponta da Praia, um dos melhores bairros de Santos.<\/p>\n<p>O acabamento \u00e9 de alto padr\u00e3o. A \u00e1rea de lazer \u00e9 no \u00faltimo pavimento, com uma bel\u00edssima vista para o mar.<\/p>\n<p>Com a exclusividade de ter torre \u00fanica e apenas 3 apartamentos por andar, o Residencial Elegance foi cuidadosamente planejado para garantir o conforto e a exclusividade que a sua fam\u00edlia merece.<\/p>\n<p>Todos as unidades tem varanda gourmet e h\u00e1 op\u00e7\u00f5es de 2 suites, com 82 m\u00b2, e 3 su\u00edtes com 117 ou 120 m\u00b2.<\/p>\n<p>Os sistemas de \u00e1gua e g\u00e1s s\u00e3o individualizados, as escadarias de m\u00e1rmore e as garagens s\u00e3o de pedra miracema.<\/p>\n<p>Seja para morar ou investir o Elegance \u00e9 certeza de qualidade e requinte.<\/p>\n<p><strong>Seja exclusivo. Seja Elegance. <\/strong><\/p>    <\/div>\n<\/div>\n<!-- \/module text -->                    <\/div>\n                            <\/div>\n                        <div  data-lazy=\"1\" class=\"module_column sub_column col3-1 tb_etia956 last\">\n                                                        <div class=\"tb-column-inner tf_box tf_w\">\n                        <!-- module image -->\n<div  class=\"module module-image tb_6u3h649   image-top tf_mw\" data-lazy=\"1\">\n        <div class=\"image-wrap tf_rel tf_mw\">\n\t\t    <img loading=\"lazy\" decoding=\"async\" width=\"581\" height=\"994\" src=\"https:\/\/construtoramcisantos.com.br\/elegance\/wp-content\/uploads\/2023\/05\/fachada.jpg\" class=\"wp-post-image wp-image-975\" title=\"fachada\" alt=\"fachada\" srcset=\"https:\/\/construtoramcisantos.com.br\/elegance\/wp-content\/uploads\/2023\/05\/fachada.jpg 581w, https:\/\/construtoramcisantos.com.br\/elegance\/wp-content\/uploads\/2023\/05\/fachada-175x300.jpg 175w\" sizes=\"auto, (max-width: 581px) 100vw, 581px\" \/>\t\n\t\t<\/div>\n\t<!-- \/image-wrap -->\n    \n    \t<\/div>\n<!-- \/module image --><!-- module text -->\n<div  class=\"module module-text tb_bm0d311  repeat  hide-desktop hide-tablet_landscape\" data-lazy=\"1\">\n        <div  class=\"tb_text_wrap\">\n    <p><strong>Residencial Elegance<\/strong><\/p>\n<p>A localiza\u00e7\u00e3o \u00e9 privilegiada, na Ponta da Praia, um dos melhores bairros de Santos.<\/p>\n<p>O acabamento \u00e9 de alto padr\u00e3o. A \u00e1rea de lazer \u00e9 no \u00faltimo pavimento, com uma bel\u00edssima vista para o mar.<\/p>\n<p>Com a exclusividade de ter torre \u00fanica e apenas 3 apartamentos por andar, o Residencial Elegance foi cuidadosamente planejado para garantir o conforto e a exclusividade que a sua fam\u00edlia merece.<\/p>\n<p>Todos as unidades tem varanda gourmet e h\u00e1 op\u00e7\u00f5es de 2 suites, com 82 m\u00b2, e 3 su\u00edtes com 117 ou\u00a0 120m\u00b2.<\/p>\n<p>Os sistemas de \u00e1gua e g\u00e1s s\u00e3o individualizados, as escadarias de m\u00e1rmore e as garagens s\u00e3o de pedra miracema.<\/p>\n<p>Seja para morar ou investir o Elegance \u00e9 certeza de qualidade e requinte.<\/p>\n<p><strong>Seja exclusivo. Seja Elegance. <\/strong><\/p>    <\/div>\n<\/div>\n<!-- \/module text -->                    <\/div>\n                            <\/div>\n            \t    <\/div>\n\t<\/div><!-- \/themify_builder_sub_row -->\n\t                    <\/div>\n                            <\/div>\n            \t    <\/div>\n\t    <!-- \/row_inner -->\n\t<\/div>\n\t<!-- \/module_row -->\n\t\t\t\t<!-- module_row -->\n\t<div  data-css_id=\"oi16382\" data-lazy=\"1\" class=\"module_row themify_builder_row fullwidth tb_oi16382 tf_w tf_clearfix\">\n\t    \t\t\t<div class=\"row_inner col_align_top tb_col_count_1 tf_box tf_rel\">\n\t\t            <div  data-lazy=\"1\" class=\"module_column tb-column col-full tb_ztw8382 first\">\n                                                        <div class=\"tb-column-inner tf_box tf_w\">\n                        <!-- module text -->\n<div  class=\"module module-text tb_szlu73   \" data-lazy=\"1\">\n        <div  class=\"tb_text_wrap\">\n    <p><iframe loading=\"lazy\" src=\"https:\/\/www.criandotecnologia.com.br\/touraereo\/elegance\/?logo=1&amp;info=1&amp;fs=1&amp;vr=0&amp;sd=1&amp;thumbs=1\" width=\"100%\" height=\"640\" frameborder=\"0\" scrolling=\"no\" allowfullscreen=\"allowfullscreen\"><\/iframe><\/p>\n    <\/div>\n<\/div>\n<!-- \/module text -->                    <\/div>\n                            <\/div>\n            \t    <\/div>\n\t    <!-- \/row_inner -->\n\t<\/div>\n\t<!-- \/module_row -->\n\t\t\t\t<!-- module_row -->\n\t<div  data-lazy=\"1\" class=\"module_row themify_builder_row tb_30pt211 tf_w tf_clearfix\">\n\t    \t\t\t<div class=\"row_inner col_align_top tb_col_count_1 tf_box tf_rel\">\n\t\t            <div  data-lazy=\"1\" class=\"module_column tb-column col-full tb_giyu211 first\">\n                                                        <div class=\"tb-column-inner tf_box tf_w\">\n                        \t<div  data-lazy=\"1\" class=\"module_subrow themify_builder_sub_row tb_ewps211 tf_w tf_clearfix\">\n\t    \t\t\t<div class=\"subrow_inner col_align_top tb_col_count_4 tf_box tf_w\">\n\t\t            <div  data-lazy=\"1\" class=\"module_column sub_column col4-1 tb_sd1a211 first\">\n                                                        <div class=\"tb-column-inner tf_box tf_w\">\n                        <!-- module image -->\n<div  class=\"module module-image tb_uz35152   image-center active-caption-hover tf_mw\" data-lazy=\"1\">\n        <div class=\"image-wrap tf_rel tf_mw\">\n\t\t    <img loading=\"lazy\" decoding=\"async\" width=\"550\" height=\"367\" src=\"https:\/\/construtoramcisantos.com.br\/elegance\/wp-content\/uploads\/2023\/05\/foto-empreendimeto-site.jpg\" class=\"wp-post-image wp-image-1022\" title=\"foto empreendimeto site\" alt=\"foto empreendimeto site\" srcset=\"https:\/\/construtoramcisantos.com.br\/elegance\/wp-content\/uploads\/2023\/05\/foto-empreendimeto-site.jpg 550w, https:\/\/construtoramcisantos.com.br\/elegance\/wp-content\/uploads\/2023\/05\/foto-empreendimeto-site-300x200.jpg 300w\" sizes=\"auto, (max-width: 550px) 100vw, 550px\" \/>\t\n\t\t<\/div>\n\t<!-- \/image-wrap -->\n    \n    \t<\/div>\n<!-- \/module image -->                    <\/div>\n                            <\/div>\n                        <div  data-lazy=\"1\" class=\"module_column sub_column col4-1 tb_634y212\">\n                                                        <div class=\"tb-column-inner tf_box tf_w\">\n                        <!-- module image -->\n<div  class=\"module module-image tb_3sii8   image-center tf_mw\" data-lazy=\"1\">\n        <div class=\"image-wrap tf_rel tf_mw\">\n\t\t    <img loading=\"lazy\" decoding=\"async\" width=\"550\" height=\"367\" src=\"https:\/\/construtoramcisantos.com.br\/elegance\/wp-content\/uploads\/2023\/05\/frente4.jpg\" class=\"wp-post-image wp-image-828\" title=\"frente4\" alt=\"frente4\" srcset=\"https:\/\/construtoramcisantos.com.br\/elegance\/wp-content\/uploads\/2023\/05\/frente4.jpg 550w, https:\/\/construtoramcisantos.com.br\/elegance\/wp-content\/uploads\/2023\/05\/frente4-300x200.jpg 300w\" sizes=\"auto, (max-width: 550px) 100vw, 550px\" \/>\t\n\t\t<\/div>\n\t<!-- \/image-wrap -->\n    \n    \t<\/div>\n<!-- \/module image -->                    <\/div>\n                            <\/div>\n                        <div  data-lazy=\"1\" class=\"module_column sub_column col4-1 tb_m572970\">\n                                                        <div class=\"tb-column-inner tf_box tf_w\">\n                        <!-- module image -->\n<div  class=\"module module-image tb_74d2211   image-center tf_mw\" data-lazy=\"1\">\n        <div class=\"image-wrap tf_rel tf_mw\">\n\t\t    <img loading=\"lazy\" decoding=\"async\" width=\"564\" height=\"377\" src=\"https:\/\/construtoramcisantos.com.br\/elegance\/wp-content\/uploads\/2023\/03\/foto-hall.jpg\" class=\"wp-post-image wp-image-313\" title=\"foto-hall\" alt=\"foto-hall\" srcset=\"https:\/\/construtoramcisantos.com.br\/elegance\/wp-content\/uploads\/2023\/03\/foto-hall.jpg 564w, https:\/\/construtoramcisantos.com.br\/elegance\/wp-content\/uploads\/2023\/03\/foto-hall-300x201.jpg 300w\" sizes=\"auto, (max-width: 564px) 100vw, 564px\" \/>\t\n\t\t<\/div>\n\t<!-- \/image-wrap -->\n    \n    \t<\/div>\n<!-- \/module image -->                    <\/div>\n                            <\/div>\n                        <div  data-lazy=\"1\" class=\"module_column sub_column col4-1 tb_rzvl970 last\">\n                                                        <div class=\"tb-column-inner tf_box tf_w\">\n                        <!-- module image -->\n<div  class=\"module module-image tb_p8gg766   image-center tf_mw\" data-lazy=\"1\">\n        <div class=\"image-wrap tf_rel tf_mw\">\n\t\t    <img loading=\"lazy\" decoding=\"async\" width=\"550\" height=\"367\" src=\"https:\/\/construtoramcisantos.com.br\/elegance\/wp-content\/uploads\/2023\/05\/foto4.jpg\" class=\"wp-post-image wp-image-834\" title=\"foto4\" alt=\"foto4\" srcset=\"https:\/\/construtoramcisantos.com.br\/elegance\/wp-content\/uploads\/2023\/05\/foto4.jpg 550w, https:\/\/construtoramcisantos.com.br\/elegance\/wp-content\/uploads\/2023\/05\/foto4-300x200.jpg 300w\" sizes=\"auto, (max-width: 550px) 100vw, 550px\" \/>\t\n\t\t<\/div>\n\t<!-- \/image-wrap -->\n    \n    \t<\/div>\n<!-- \/module image -->                    <\/div>\n                            <\/div>\n            \t    <\/div>\n\t<\/div><!-- \/themify_builder_sub_row -->\n\t                    <\/div>\n                            <\/div>\n            \t    <\/div>\n\t    <!-- \/row_inner -->\n\t<\/div>\n\t<!-- \/module_row -->\n\t\t\t\t<!-- module_row -->\n\t<div  data-lazy=\"1\" class=\"module_row themify_builder_row tb_3p1h596 tf_w tf_clearfix\">\n\t    \t\t\t<div class=\"row_inner col_align_top tb_col_count_1 tf_box tf_rel\">\n\t\t            <div  data-lazy=\"1\" class=\"module_column tb-column col-full tb_fpx8596 first\">\n                                                        <div class=\"tb-column-inner tf_box tf_w\">\n                        \t<div  data-lazy=\"1\" class=\"module_subrow themify_builder_sub_row tb_z5v9596 tf_w tf_clearfix\">\n\t    \t\t\t<div class=\"subrow_inner col_align_middle gutter-none tb_col_count_2 tf_box tf_w\">\n\t\t            <div  data-lazy=\"1\" class=\"module_column sub_column col3-2 tb_dn8l596 first\">\n                                                        <div class=\"tb-column-inner tf_box tf_w\">\n                        <!-- module image -->\n<div  class=\"module module-image tb_3abr802   image-full-overlay tf_mw\" data-lazy=\"1\">\n        <div class=\"image-wrap tf_rel tf_mw\">\n\t\t    <img loading=\"lazy\" decoding=\"async\" width=\"550\" height=\"367\" src=\"https:\/\/construtoramcisantos.com.br\/elegance\/wp-content\/uploads\/2023\/05\/frente3.jpg\" class=\"wp-post-image wp-image-831\" title=\"frente3\" alt=\"frente3\" srcset=\"https:\/\/construtoramcisantos.com.br\/elegance\/wp-content\/uploads\/2023\/05\/frente3.jpg 550w, https:\/\/construtoramcisantos.com.br\/elegance\/wp-content\/uploads\/2023\/05\/frente3-300x200.jpg 300w\" sizes=\"auto, (max-width: 550px) 100vw, 550px\" \/>\t\n\t\t<\/div>\n\t<!-- \/image-wrap -->\n    \n    \t<\/div>\n<!-- \/module image -->                    <\/div>\n                            <\/div>\n                        <div  data-lazy=\"1\" class=\"module_column sub_column col3-1 tb_ewo7596 last\">\n                                                        <div class=\"tb-column-inner tf_box tf_w\">\n                        <!-- module text -->\n<div  class=\"module module-text tb_lf5m403  repeat \" data-lazy=\"1\">\n        <div  class=\"tb_text_wrap\">\n    <p>Incorpora\u00e7\u00e3o e Constru\u00e7\u00e3o<\/p>    <\/div>\n<\/div>\n<!-- \/module text --><!-- module image -->\n<div  class=\"module module-image tb_igr710   image-left tf_mw\" data-lazy=\"1\">\n        <div class=\"image-wrap tf_rel tf_mw\">\n\t\t    <img loading=\"lazy\" decoding=\"async\" src=\"https:\/\/construtoramcisantos.com.br\/elegance\/wp-content\/uploads\/2023\/05\/avatar-face-180x88.jpg\" width=\"180\" height=\"88\" class=\"wp-post-image wp-image-818\" title=\"avatar-face\" alt=\"avatar-face\" srcset=\"https:\/\/construtoramcisantos.com.br\/elegance\/wp-content\/uploads\/2023\/05\/avatar-face-180x88.jpg 180w, https:\/\/construtoramcisantos.com.br\/elegance\/wp-content\/uploads\/2023\/05\/avatar-face-300x147.jpg 300w, https:\/\/construtoramcisantos.com.br\/elegance\/wp-content\/uploads\/2023\/05\/avatar-face.jpg 400w\" sizes=\"auto, (max-width: 180px) 100vw, 180px\" \/>\t\n\t\t<\/div>\n\t<!-- \/image-wrap -->\n    \n    \t<\/div>\n<!-- \/module image --><!-- module text -->\n<div  class=\"module module-text tb_bkqy124  repeat \" data-lazy=\"1\">\n        <div  class=\"tb_text_wrap\">\n    <p>Projeto Arquitet\u00f4nico<\/p>    <\/div>\n<\/div>\n<!-- \/module text --><!-- module image -->\n<div  class=\"module module-image tb_kdc5401   image-left tf_mw\" data-lazy=\"1\">\n        <div class=\"image-wrap tf_rel tf_mw\">\n\t\t    <img loading=\"lazy\" decoding=\"async\" src=\"https:\/\/construtoramcisantos.com.br\/elegance\/wp-content\/uploads\/2023\/05\/ROBERTO-SAVIELLO-1-280x48.jpg\" width=\"280\" height=\"48\" class=\"wp-post-image wp-image-817\" title=\"ROBERTO SAVIELLO\" alt=\"ROBERTO SAVIELLO\" srcset=\"https:\/\/construtoramcisantos.com.br\/elegance\/wp-content\/uploads\/2023\/05\/ROBERTO-SAVIELLO-1-280x48.jpg 280w, https:\/\/construtoramcisantos.com.br\/elegance\/wp-content\/uploads\/2023\/05\/ROBERTO-SAVIELLO-1-300x52.jpg 300w, https:\/\/construtoramcisantos.com.br\/elegance\/wp-content\/uploads\/2023\/05\/ROBERTO-SAVIELLO-1-768x134.jpg 768w, https:\/\/construtoramcisantos.com.br\/elegance\/wp-content\/uploads\/2023\/05\/ROBERTO-SAVIELLO-1.jpg 920w\" sizes=\"auto, (max-width: 280px) 100vw, 280px\" \/>\t\n\t\t<\/div>\n\t<!-- \/image-wrap -->\n    \n    \t<\/div>\n<!-- \/module image -->                    <\/div>\n                            <\/div>\n            \t    <\/div>\n\t<\/div><!-- \/themify_builder_sub_row -->\n\t                    <\/div>\n                            <\/div>\n            \t    <\/div>\n\t    <!-- \/row_inner -->\n\t<\/div>\n\t<!-- \/module_row -->\n\t\t\t\t<!-- module_row -->\n\t<div  data-parallax-bg=\"desktop\" data-css_id=\"opj8461\" data-lazy=\"1\" class=\"module_row themify_builder_row fullwidth tb_opj8461 tf_w tf_clearfix\">\n\t    <div class=\"tb_row_frame_wrap tf_overflow tf_abs\" data-lazy=\"1\"><div class=\"tb_row_frame tb_row_frame_top  tf_abs tf_hide tf_overflow tf_w\"><\/div><\/div>\t\t\t<div class=\"row_inner col_align_top tb_col_count_1 tf_box tf_rel\">\n\t\t            <div  data-lazy=\"1\" class=\"module_column tb-column col-full tb_bagv461 first\">\n                                                <\/div>\n            \t    <\/div>\n\t    <!-- \/row_inner -->\n\t<\/div>\n\t<!-- \/module_row -->\n\t<\/div>\n<!--\/themify_builder_content-->","protected":false},"excerpt":{"rendered":"<p>Empreendimento Residencial Elegance A localiza\u00e7\u00e3o \u00e9 privilegiada, na Ponta da Praia, um dos melhores bairros de Santos. O acabamento \u00e9 de alto padr\u00e3o. A \u00e1rea de lazer \u00e9 no \u00faltimo pavimento, com uma bel\u00edssima vista para o mar. Com a exclusividade de ter torre \u00fanica e apenas 3 apartamentos por andar, o Residencial Elegance foi [&hellip;]<\/p>\n","protected":false},"author":1,"featured_media":0,"parent":0,"menu_order":0,"comment_status":"closed","ping_status":"closed","template":"","meta":{"footnotes":""},"class_list":["post-203","page","type-page","status-publish","hentry","has-post-title","has-post-date","has-post-category","has-post-tag","has-post-comment","has-post-author",""],"builder_content":"<a href=\"\/elegance\" > <img src=\"\/elegance\/wp-content\/uploads\/2023\/03\/logo-topo.png\" title=\"Empreendimento\" alt=\"Empreendimento\"> <\/a>\n<p>Empreendimento<\/p>\n<p><strong>Residencial Elegance<\/strong><\/p> <p>A localiza\u00e7\u00e3o \u00e9 privilegiada, na Ponta da Praia, um dos melhores bairros de Santos.<\/p> <p>O acabamento \u00e9 de alto padr\u00e3o. A \u00e1rea de lazer \u00e9 no \u00faltimo pavimento, com uma bel\u00edssima vista para o mar.<\/p> <p>Com a exclusividade de ter torre \u00fanica e apenas 3 apartamentos por andar, o Residencial Elegance foi cuidadosamente planejado para garantir o conforto e a exclusividade que a sua fam\u00edlia merece.<\/p> <p>Todos as unidades tem varanda gourmet e h\u00e1 op\u00e7\u00f5es de 2 suites, com 82 m\u00b2, e 3 su\u00edtes com 117 ou 120 m\u00b2.<\/p> <p>Os sistemas de \u00e1gua e g\u00e1s s\u00e3o individualizados, as escadarias de m\u00e1rmore e as garagens s\u00e3o de pedra miracema.<\/p> <p>Seja para morar ou investir o Elegance \u00e9 certeza de qualidade e requinte.<\/p> <p><strong>Seja exclusivo. Seja Elegance. <\/strong><\/p>\n<img src=\"https:\/\/construtoramcisantos.com.br\/elegance\/wp-content\/uploads\/2023\/05\/fachada.jpg\" title=\"fachada\" alt=\"fachada\" srcset=\"https:\/\/construtoramcisantos.com.br\/elegance\/wp-content\/uploads\/2023\/05\/fachada.jpg 581w, https:\/\/construtoramcisantos.com.br\/elegance\/wp-content\/uploads\/2023\/05\/fachada-175x300.jpg 175w\" sizes=\"(max-width: 581px) 100vw, 581px\" \/>\n<p><strong>Residencial Elegance<\/strong><\/p> <p>A localiza\u00e7\u00e3o \u00e9 privilegiada, na Ponta da Praia, um dos melhores bairros de Santos.<\/p> <p>O acabamento \u00e9 de alto padr\u00e3o. A \u00e1rea de lazer \u00e9 no \u00faltimo pavimento, com uma bel\u00edssima vista para o mar.<\/p> <p>Com a exclusividade de ter torre \u00fanica e apenas 3 apartamentos por andar, o Residencial Elegance foi cuidadosamente planejado para garantir o conforto e a exclusividade que a sua fam\u00edlia merece.<\/p> <p>Todos as unidades tem varanda gourmet e h\u00e1 op\u00e7\u00f5es de 2 suites, com 82 m\u00b2, e 3 su\u00edtes com 117 ou\u00a0 120m\u00b2.<\/p> <p>Os sistemas de \u00e1gua e g\u00e1s s\u00e3o individualizados, as escadarias de m\u00e1rmore e as garagens s\u00e3o de pedra miracema.<\/p> <p>Seja para morar ou investir o Elegance \u00e9 certeza de qualidade e requinte.<\/p> <p><strong>Seja exclusivo. Seja Elegance. <\/strong><\/p>\n<p><iframe loading=\"lazy\" src=\"https:\/\/www.criandotecnologia.com.br\/touraereo\/elegance\/?logo=1&amp;info=1&amp;fs=1&amp;vr=0&amp;sd=1&amp;thumbs=1\" width=\"100%\" height=\"640\" frameborder=\"0\" scrolling=\"no\" allowfullscreen=\"allowfullscreen\"><\/iframe><\/p>\n<img src=\"https:\/\/construtoramcisantos.com.br\/elegance\/wp-content\/uploads\/2023\/05\/foto-empreendimeto-site.jpg\" title=\"foto empreendimeto site\" alt=\"foto empreendimeto site\" srcset=\"https:\/\/construtoramcisantos.com.br\/elegance\/wp-content\/uploads\/2023\/05\/foto-empreendimeto-site.jpg 550w, https:\/\/construtoramcisantos.com.br\/elegance\/wp-content\/uploads\/2023\/05\/foto-empreendimeto-site-300x200.jpg 300w\" sizes=\"(max-width: 550px) 100vw, 550px\" \/>\n<img src=\"https:\/\/construtoramcisantos.com.br\/elegance\/wp-content\/uploads\/2023\/05\/frente4.jpg\" title=\"frente4\" alt=\"frente4\" srcset=\"https:\/\/construtoramcisantos.com.br\/elegance\/wp-content\/uploads\/2023\/05\/frente4.jpg 550w, https:\/\/construtoramcisantos.com.br\/elegance\/wp-content\/uploads\/2023\/05\/frente4-300x200.jpg 300w\" sizes=\"(max-width: 550px) 100vw, 550px\" \/>\n<img src=\"https:\/\/construtoramcisantos.com.br\/elegance\/wp-content\/uploads\/2023\/03\/foto-hall.jpg\" title=\"foto-hall\" alt=\"foto-hall\" srcset=\"https:\/\/construtoramcisantos.com.br\/elegance\/wp-content\/uploads\/2023\/03\/foto-hall.jpg 564w, https:\/\/construtoramcisantos.com.br\/elegance\/wp-content\/uploads\/2023\/03\/foto-hall-300x201.jpg 300w\" sizes=\"(max-width: 564px) 100vw, 564px\" \/>\n<img src=\"https:\/\/construtoramcisantos.com.br\/elegance\/wp-content\/uploads\/2023\/05\/foto4.jpg\" title=\"foto4\" alt=\"foto4\" srcset=\"https:\/\/construtoramcisantos.com.br\/elegance\/wp-content\/uploads\/2023\/05\/foto4.jpg 550w, https:\/\/construtoramcisantos.com.br\/elegance\/wp-content\/uploads\/2023\/05\/foto4-300x200.jpg 300w\" sizes=\"(max-width: 550px) 100vw, 550px\" \/>\n<img src=\"https:\/\/construtoramcisantos.com.br\/elegance\/wp-content\/uploads\/2023\/05\/frente3.jpg\" title=\"frente3\" alt=\"frente3\" srcset=\"https:\/\/construtoramcisantos.com.br\/elegance\/wp-content\/uploads\/2023\/05\/frente3.jpg 550w, https:\/\/construtoramcisantos.com.br\/elegance\/wp-content\/uploads\/2023\/05\/frente3-300x200.jpg 300w\" sizes=\"(max-width: 550px) 100vw, 550px\" \/>\n<p>Incorpora\u00e7\u00e3o e Constru\u00e7\u00e3o<\/p>\n<img src=\"https:\/\/construtoramcisantos.com.br\/elegance\/wp-content\/uploads\/2023\/05\/avatar-face-180x88.jpg\" width=\"180\" height=\"88\" title=\"avatar-face\" alt=\"avatar-face\" srcset=\"https:\/\/construtoramcisantos.com.br\/elegance\/wp-content\/uploads\/2023\/05\/avatar-face-180x88.jpg 180w, https:\/\/construtoramcisantos.com.br\/elegance\/wp-content\/uploads\/2023\/05\/avatar-face-300x147.jpg 300w, https:\/\/construtoramcisantos.com.br\/elegance\/wp-content\/uploads\/2023\/05\/avatar-face.jpg 400w\" sizes=\"(max-width: 180px) 100vw, 180px\" \/>\n<p>Projeto Arquitet\u00f4nico<\/p>\n<img src=\"https:\/\/construtoramcisantos.com.br\/elegance\/wp-content\/uploads\/2023\/05\/ROBERTO-SAVIELLO-1-280x48.jpg\" width=\"280\" height=\"48\" title=\"ROBERTO SAVIELLO\" alt=\"ROBERTO SAVIELLO\" srcset=\"https:\/\/construtoramcisantos.com.br\/elegance\/wp-content\/uploads\/2023\/05\/ROBERTO-SAVIELLO-1-280x48.jpg 280w, https:\/\/construtoramcisantos.com.br\/elegance\/wp-content\/uploads\/2023\/05\/ROBERTO-SAVIELLO-1-300x52.jpg 300w, https:\/\/construtoramcisantos.com.br\/elegance\/wp-content\/uploads\/2023\/05\/ROBERTO-SAVIELLO-1-768x134.jpg 768w, https:\/\/construtoramcisantos.com.br\/elegance\/wp-content\/uploads\/2023\/05\/ROBERTO-SAVIELLO-1.jpg 920w\" sizes=\"(max-width: 280px) 100vw, 280px\" \/>","_links":{"self":[{"href":"https:\/\/construtoramcisantos.com.br\/elegance\/wp-json\/wp\/v2\/pages\/203","targetHints":{"allow":["GET"]}}],"collection":[{"href":"https:\/\/construtoramcisantos.com.br\/elegance\/wp-json\/wp\/v2\/pages"}],"about":[{"href":"https:\/\/construtoramcisantos.com.br\/elegance\/wp-json\/wp\/v2\/types\/page"}],"author":[{"embeddable":true,"href":"https:\/\/construtoramcisantos.com.br\/elegance\/wp-json\/wp\/v2\/users\/1"}],"replies":[{"embeddable":true,"href":"https:\/\/construtoramcisantos.com.br\/elegance\/wp-json\/wp\/v2\/comments?post=203"}],"version-history":[{"count":57,"href":"https:\/\/construtoramcisantos.com.br\/elegance\/wp-json\/wp\/v2\/pages\/203\/revisions"}],"predecessor-version":[{"id":1285,"href":"https:\/\/construtoramcisantos.com.br\/elegance\/wp-json\/wp\/v2\/pages\/203\/revisions\/1285"}],"wp:attachment":[{"href":"https:\/\/construtoramcisantos.com.br\/elegance\/wp-json\/wp\/v2\/media?parent=203"}],"curies":[{"name":"wp","href":"https:\/\/api.w.org\/{rel}","templated":true}]}}